{"id":340,"date":"2020-02-14T16:19:25","date_gmt":"2020-02-14T15:19:25","guid":{"rendered":"https:\/\/www.devstudio.it\/?page_id=340"},"modified":"2021-01-09T17:45:57","modified_gmt":"2021-01-09T16:45:57","slug":"dev-color-suite","status":"publish","type":"page","link":"https:\/\/www.devstudio.it\/index.php\/dev-color-suite\/","title":{"rendered":"DEV ColorSuite"},"content":{"rendered":"\t\t<div data-elementor-type=\"wp-page\" data-elementor-id=\"340\" class=\"elementor elementor-340\" data-elementor-settings=\"[]\">\n\t\t\t\t\t\t<div class=\"elementor-inner\">\n\t\t\t\t\t\t\t<div class=\"elementor-section-wrap\">\n\t\t\t\t\t\t\t<section class=\"elementor-section elementor-top-section elementor-element elementor-element-5255fdc elementor-section-height-min-height elementor-section-content-middle elementor-section-boxed elementor-section-height-default elementor-section-items-middle\" data-id=\"5255fdc\" data-element_type=\"section\" data-settings=\"{&quot;background_background&quot;:&quot;classic&quot;,&quot;jet_parallax_layout_list&quot;:[]}\">\n\t\t\t\t\t\t<div class=\"elementor-container elementor-column-gap-default\">\n\t\t\t\t\t\t\t<div class=\"elementor-row\">\n\t\t\t\t\t<div class=\"elementor-column elementor-col-33 elementor-top-column elementor-element elementor-element-381cfcd\" data-id=\"381cfcd\" data-element_type=\"column\">\n\t\t\t<div class=\"elementor-column-wrap\">\n\t\t\t\t\t\t\t<div class=\"elementor-widget-wrap\">\n\t\t\t\t\t\t\t\t<\/div>\n\t\t\t\t\t<\/div>\n\t\t<\/div>\n\t\t\t\t<div class=\"elementor-column elementor-col-33 elementor-top-column elementor-element elementor-element-06ced49\" data-id=\"06ced49\" data-element_type=\"column\">\n\t\t\t<div class=\"elementor-column-wrap\">\n\t\t\t\t\t\t\t<div class=\"elementor-widget-wrap\">\n\t\t\t\t\t\t\t\t<\/div>\n\t\t\t\t\t<\/div>\n\t\t<\/div>\n\t\t\t\t<div class=\"elementor-column elementor-col-33 elementor-top-column elementor-element elementor-element-44ad150\" data-id=\"44ad150\" data-element_type=\"column\">\n\t\t\t<div class=\"elementor-column-wrap\">\n\t\t\t\t\t\t\t<div class=\"elementor-widget-wrap\">\n\t\t\t\t\t\t\t\t<\/div>\n\t\t\t\t\t<\/div>\n\t\t<\/div>\n\t\t\t\t\t\t\t\t<\/div>\n\t\t\t\t\t<\/div>\n\t\t<\/section>\n\t\t\t\t<section class=\"elementor-section elementor-top-section elementor-element elementor-element-c304947 elementor-section-boxed elementor-section-height-default elementor-section-height-default\" data-id=\"c304947\" data-element_type=\"section\" data-settings=\"{&quot;jet_parallax_layout_list&quot;:[]}\">\n\t\t\t\t\t\t<div class=\"elementor-container elementor-column-gap-default\">\n\t\t\t\t\t\t\t<div class=\"elementor-row\">\n\t\t\t\t\t<div class=\"elementor-column elementor-col-33 elementor-top-column elementor-element elementor-element-10e7cdc\" data-id=\"10e7cdc\" data-element_type=\"column\">\n\t\t\t<div class=\"elementor-column-wrap elementor-element-populated\">\n\t\t\t\t\t\t\t<div class=\"elementor-widget-wrap\">\n\t\t\t\t\t\t<div class=\"elementor-element elementor-element-9469a08 elementor-widget elementor-widget-image\" data-id=\"9469a08\" data-element_type=\"widget\" data-widget_type=\"image.default\">\n\t\t\t\t<div class=\"elementor-widget-container\">\n\t\t\t\t\t\t\t\t<div class=\"elementor-image\">\n\t\t\t\t\t\t\t\t\t\t\t\t<img width=\"228\" height=\"375\" src=\"https:\/\/www.devstudio.it\/wp-content\/uploads\/2020\/03\/Imma19.png\" class=\"attachment-large size-large\" alt=\"\" loading=\"lazy\" srcset=\"https:\/\/www.devstudio.it\/wp-content\/uploads\/2020\/03\/Imma19.png 228w, https:\/\/www.devstudio.it\/wp-content\/uploads\/2020\/03\/Imma19-182x300.png 182w\" sizes=\"(max-width: 228px) 100vw, 228px\" \/>\t\t\t\t\t\t\t\t\t\t\t\t\t\t<\/div>\n\t\t\t\t\t\t<\/div>\n\t\t\t\t<\/div>\n\t\t\t\t<div class=\"elementor-element elementor-element-7364c50 elementor-widget elementor-widget-text-editor\" data-id=\"7364c50\" data-element_type=\"widget\" data-widget_type=\"text-editor.default\">\n\t\t\t\t<div class=\"elementor-widget-container\">\n\t\t\t\t\t\t\t\t<div class=\"elementor-text-editor elementor-clearfix\">\n\t\t\t\t<div id=\"ADhmJTPU\" class=\"Testo_Spalla\"><div class=\"\"><p class=\"\"><b>DEV ColorSuite<\/b> \u00e8 una soluzione software per la gestione completa del colore e dei file grafici nel settore della stampa.<br \/>Lo sviluppo DEV ColorSuite mira a soddisfare le aspettative del mondo reale della stampa del settore: il risultato \u00e8 un prodotto che pu\u00f2 essere facilmente inserito in una vasta gamma di applicazioni industriali, come la ceramica, vetro, pelle, laminato, imballaggio, tessile, legno, ecc&#8230;<br \/>La flessibilit\u00e0 del suo motore di colori pu\u00f2 migliorare la riproduzione dei colori anche nelle situazioni pi\u00f9 impegnative, come quelle che si trovano nei sistemi di stampa industriale che operano nelle fabbriche di piastrellatura, quindi abbiamo molte installazioni di successo nel mondo nel mercato della ceramica.<br \/>La soluzione si basa su un&#8217;architettura modulare ed \u00e8 possibile configurare il flusso di lavoro che meglio soddisfa le esigenze di ogni azienda.<br \/>Il software di profilatura \u00e8 stato progettato per fornire una qualit\u00e0 del colore ottimale con il pi\u00f9 alto livello possibile di automazione, senza richiedere agli utenti di navigare attraverso parametri e impostazioni complessi. La Modalit\u00e0 avanzata \u00e8 disponibile anche per coloro che hanno bisogno di personalizzare il processo di profilazione.<\/p><\/div><\/div><div id=\"iXY2jQeY\" class=\"Paragrafo\"><div class=\"\"><ul><li>Anteprima delle curve di linearizzazione.<\/li><li>Selezione del limite di inchiostro totale.<\/li><li>Rilevamento automatico e manuale del colore selezionato come componente Nero (se presente).<\/li><li>Linearizzazione e Total ink<\/li><li>Impostazione della separazione del profilo ICC multicanale<\/li><li>Rilevamento automatico e manuale dei componenti di inchiostro grigio.<\/li><li>Configurazione automatica e manuale di set di inchiostri ottimali per la separazione dei colori.<\/li><\/ul><\/div><\/div><div id=\"PLzsCjnc\" class=\"TestoPulsantiDWwhite\"><div class=\"\"><p class=\"\" style=\"font-size: 11px;\"><img loading=\"lazy\" class=\"alignnone size-full wp-image-363\" src=\"https:\/\/www.devstudio.it\/wp-content\/uploads\/2020\/02\/Imma00.png\" alt=\"\" width=\"62\" height=\"29\" \/> Disponibile per<br \/>Windows or Mac OS<\/p><\/div><\/div>\t\t\t\t\t<\/div>\n\t\t\t\t\t\t<\/div>\n\t\t\t\t<\/div>\n\t\t\t\t<div class=\"elementor-element elementor-element-2e533bc elementor-widget elementor-widget-image\" data-id=\"2e533bc\" data-element_type=\"widget\" data-widget_type=\"image.default\">\n\t\t\t\t<div class=\"elementor-widget-container\">\n\t\t\t\t\t\t\t\t<div class=\"elementor-image\">\n\t\t\t\t\t\t\t\t\t\t\t\t<img width=\"180\" height=\"46\" src=\"https:\/\/www.devstudio.it\/wp-content\/uploads\/2020\/02\/Imma17.png\" class=\"attachment-large size-large\" alt=\"\" loading=\"lazy\" \/>\t\t\t\t\t\t\t\t\t\t\t\t\t\t<\/div>\n\t\t\t\t\t\t<\/div>\n\t\t\t\t<\/div>\n\t\t\t\t<div class=\"elementor-element elementor-element-55f17d6 elementor-widget elementor-widget-image\" data-id=\"55f17d6\" data-element_type=\"widget\" data-widget_type=\"image.default\">\n\t\t\t\t<div class=\"elementor-widget-container\">\n\t\t\t\t\t\t\t\t<div class=\"elementor-image\">\n\t\t\t\t\t\t\t\t\t\t\t\t<img width=\"169\" height=\"82\" src=\"https:\/\/www.devstudio.it\/wp-content\/uploads\/2020\/02\/Imma18.png\" class=\"attachment-large size-large\" alt=\"\" loading=\"lazy\" \/>\t\t\t\t\t\t\t\t\t\t\t\t\t\t<\/div>\n\t\t\t\t\t\t<\/div>\n\t\t\t\t<\/div>\n\t\t\t\t\t\t<\/div>\n\t\t\t\t\t<\/div>\n\t\t<\/div>\n\t\t\t\t<div class=\"elementor-column elementor-col-66 elementor-top-column elementor-element elementor-element-15a276c\" data-id=\"15a276c\" data-element_type=\"column\">\n\t\t\t<div class=\"elementor-column-wrap elementor-element-populated\">\n\t\t\t\t\t\t\t<div class=\"elementor-widget-wrap\">\n\t\t\t\t\t\t<div class=\"elementor-element elementor-element-c313baa elementor-widget elementor-widget-heading\" data-id=\"c313baa\" data-element_type=\"widget\" data-widget_type=\"heading.default\">\n\t\t\t\t<div class=\"elementor-widget-container\">\n\t\t\t<h1 class=\"elementor-heading-title elementor-size-default\">DEV Color Suite<\/h1>\t\t<\/div>\n\t\t\t\t<\/div>\n\t\t\t\t<div class=\"elementor-element elementor-element-1a3baf3 elementor-widget elementor-widget-heading\" data-id=\"1a3baf3\" data-element_type=\"widget\" data-widget_type=\"heading.default\">\n\t\t\t\t<div class=\"elementor-widget-container\">\n\t\t\t<h4 class=\"elementor-heading-title elementor-size-default\">Innovativo Software per la creazione di Profili Multicanale utilizzabili in ambito industriale <\/h4>\t\t<\/div>\n\t\t\t\t<\/div>\n\t\t\t\t<section class=\"elementor-section elementor-inner-section elementor-element elementor-element-58add06 elementor-section-boxed elementor-section-height-default elementor-section-height-default\" data-id=\"58add06\" data-element_type=\"section\" data-settings=\"{&quot;jet_parallax_layout_list&quot;:[]}\">\n\t\t\t\t\t\t<div class=\"elementor-container elementor-column-gap-default\">\n\t\t\t\t\t\t\t<div class=\"elementor-row\">\n\t\t\t\t\t<div class=\"elementor-column elementor-col-50 elementor-inner-column elementor-element elementor-element-6627fe0\" data-id=\"6627fe0\" data-element_type=\"column\">\n\t\t\t<div class=\"elementor-column-wrap elementor-element-populated\">\n\t\t\t\t\t\t\t<div class=\"elementor-widget-wrap\">\n\t\t\t\t\t\t<div class=\"elementor-element elementor-element-53b5e44 elementor-widget elementor-widget-image\" data-id=\"53b5e44\" data-element_type=\"widget\" data-widget_type=\"image.default\">\n\t\t\t\t<div class=\"elementor-widget-container\">\n\t\t\t\t\t\t\t\t<div class=\"elementor-image\">\n\t\t\t\t\t\t\t\t\t\t\t\t<img width=\"270\" height=\"187\" src=\"https:\/\/www.devstudio.it\/wp-content\/uploads\/2020\/02\/Imma21.png\" class=\"attachment-large size-large\" alt=\"\" loading=\"lazy\" \/>\t\t\t\t\t\t\t\t\t\t\t\t\t\t<\/div>\n\t\t\t\t\t\t<\/div>\n\t\t\t\t<\/div>\n\t\t\t\t<div class=\"elementor-element elementor-element-e86ec7f elementor-widget elementor-widget-text-editor\" data-id=\"e86ec7f\" data-element_type=\"widget\" data-widget_type=\"text-editor.default\">\n\t\t\t\t<div class=\"elementor-widget-container\">\n\t\t\t\t\t\t\t\t<div class=\"elementor-text-editor elementor-clearfix\">\n\t\t\t\t<p><strong>Linearizzazione e Total ink<\/strong><\/p><ul><li>Anteprima delle curve di linearizzazione.<\/li><li>Selezione del limite di inchiostro totale.<\/li><li>Rilevamento automatico e manuale del colore selezionato come componente Nero (se presente).<\/li><\/ul>\t\t\t\t\t<\/div>\n\t\t\t\t\t\t<\/div>\n\t\t\t\t<\/div>\n\t\t\t\t\t\t<\/div>\n\t\t\t\t\t<\/div>\n\t\t<\/div>\n\t\t\t\t<div class=\"elementor-column elementor-col-50 elementor-inner-column elementor-element elementor-element-c4c950c\" data-id=\"c4c950c\" data-element_type=\"column\">\n\t\t\t<div class=\"elementor-column-wrap elementor-element-populated\">\n\t\t\t\t\t\t\t<div class=\"elementor-widget-wrap\">\n\t\t\t\t\t\t<div class=\"elementor-element elementor-element-1f589a9 elementor-widget elementor-widget-image\" data-id=\"1f589a9\" data-element_type=\"widget\" data-widget_type=\"image.default\">\n\t\t\t\t<div class=\"elementor-widget-container\">\n\t\t\t\t\t\t\t\t<div class=\"elementor-image\">\n\t\t\t\t\t\t\t\t\t\t\t\t<img width=\"270\" height=\"249\" src=\"https:\/\/www.devstudio.it\/wp-content\/uploads\/2020\/02\/Imma22.png\" class=\"attachment-large size-large\" alt=\"\" loading=\"lazy\" \/>\t\t\t\t\t\t\t\t\t\t\t\t\t\t<\/div>\n\t\t\t\t\t\t<\/div>\n\t\t\t\t<\/div>\n\t\t\t\t<div class=\"elementor-element elementor-element-01882fe elementor-widget elementor-widget-text-editor\" data-id=\"01882fe\" data-element_type=\"widget\" data-widget_type=\"text-editor.default\">\n\t\t\t\t<div class=\"elementor-widget-container\">\n\t\t\t\t\t\t\t\t<div class=\"elementor-text-editor elementor-clearfix\">\n\t\t\t\t<div id=\"MEO8hn4L\" class=\"Titolo_Paragrafo\"><div class=\"\"><p class=\"\"><strong>Impostazione della separazione del profilo ICC multicanale<\/strong><\/p><\/div><\/div><div id=\"fJR3Cm2N\" class=\"Paragrafo\"><div class=\"\"><ul><li>Rilevamento automatico e manuale dei componenti di inchiostro grigio.<\/li><li>Configurazione automatica e manuale di set di inchiostri ottimali per la separazione dei colori.<\/li><\/ul><\/div><\/div>\t\t\t\t\t<\/div>\n\t\t\t\t\t\t<\/div>\n\t\t\t\t<\/div>\n\t\t\t\t\t\t<\/div>\n\t\t\t\t\t<\/div>\n\t\t<\/div>\n\t\t\t\t\t\t\t\t<\/div>\n\t\t\t\t\t<\/div>\n\t\t<\/section>\n\t\t\t\t<section class=\"elementor-section elementor-inner-section elementor-element elementor-element-50aac14 elementor-section-boxed elementor-section-height-default elementor-section-height-default\" data-id=\"50aac14\" data-element_type=\"section\" data-settings=\"{&quot;jet_parallax_layout_list&quot;:[]}\">\n\t\t\t\t\t\t<div class=\"elementor-container elementor-column-gap-default\">\n\t\t\t\t\t\t\t<div class=\"elementor-row\">\n\t\t\t\t\t<div class=\"elementor-column elementor-col-50 elementor-inner-column elementor-element elementor-element-53eeaf4\" data-id=\"53eeaf4\" data-element_type=\"column\">\n\t\t\t<div class=\"elementor-column-wrap elementor-element-populated\">\n\t\t\t\t\t\t\t<div class=\"elementor-widget-wrap\">\n\t\t\t\t\t\t<div class=\"elementor-element elementor-element-7acf45c elementor-widget elementor-widget-image\" data-id=\"7acf45c\" data-element_type=\"widget\" data-widget_type=\"image.default\">\n\t\t\t\t<div class=\"elementor-widget-container\">\n\t\t\t\t\t\t\t\t<div class=\"elementor-image\">\n\t\t\t\t\t\t\t\t\t\t\t\t<img width=\"270\" height=\"216\" src=\"https:\/\/www.devstudio.it\/wp-content\/uploads\/2020\/02\/Imma23.png\" class=\"attachment-large size-large\" alt=\"\" loading=\"lazy\" \/>\t\t\t\t\t\t\t\t\t\t\t\t\t\t<\/div>\n\t\t\t\t\t\t<\/div>\n\t\t\t\t<\/div>\n\t\t\t\t<div class=\"elementor-element elementor-element-cfff990 elementor-widget elementor-widget-text-editor\" data-id=\"cfff990\" data-element_type=\"widget\" data-widget_type=\"text-editor.default\">\n\t\t\t\t<div class=\"elementor-widget-container\">\n\t\t\t\t\t\t\t\t<div class=\"elementor-text-editor elementor-clearfix\">\n\t\t\t\t<p><strong>Anteprima delle curve di separazione automatiche <\/strong><\/p><ul><li>Anteprima della finestra delle curve di separazione automatica per i colori di prima generazione.<\/li><li>Modifica personalizzata per curve di colori di prima generazione con anteprima gamut.<\/li><\/ul>\t\t\t\t\t<\/div>\n\t\t\t\t\t\t<\/div>\n\t\t\t\t<\/div>\n\t\t\t\t\t\t<\/div>\n\t\t\t\t\t<\/div>\n\t\t<\/div>\n\t\t\t\t<div class=\"elementor-column elementor-col-50 elementor-inner-column elementor-element elementor-element-0cb6979\" data-id=\"0cb6979\" data-element_type=\"column\">\n\t\t\t<div class=\"elementor-column-wrap elementor-element-populated\">\n\t\t\t\t\t\t\t<div class=\"elementor-widget-wrap\">\n\t\t\t\t\t\t<div class=\"elementor-element elementor-element-d2430e9 elementor-widget elementor-widget-image\" data-id=\"d2430e9\" data-element_type=\"widget\" data-widget_type=\"image.default\">\n\t\t\t\t<div class=\"elementor-widget-container\">\n\t\t\t\t\t\t\t\t<div class=\"elementor-image\">\n\t\t\t\t\t\t\t\t\t\t\t\t<img width=\"270\" height=\"216\" src=\"https:\/\/www.devstudio.it\/wp-content\/uploads\/2020\/02\/Imma24.png\" class=\"attachment-large size-large\" alt=\"\" loading=\"lazy\" \/>\t\t\t\t\t\t\t\t\t\t\t\t\t\t<\/div>\n\t\t\t\t\t\t<\/div>\n\t\t\t\t<\/div>\n\t\t\t\t<div class=\"elementor-element elementor-element-9704a3f elementor-widget elementor-widget-text-editor\" data-id=\"9704a3f\" data-element_type=\"widget\" data-widget_type=\"text-editor.default\">\n\t\t\t\t<div class=\"elementor-widget-container\">\n\t\t\t\t\t\t\t\t<div class=\"elementor-text-editor elementor-clearfix\">\n\t\t\t\t<div id=\"MEO8hn4L\" class=\"Titolo_Paragrafo\"><div class=\"\"><p class=\"\"><strong>Anteprima delle funzioni di inchiostro in scala di grigi <\/strong><\/p><\/div><\/div><div id=\"fJR3Cm2N\" class=\"Paragrafo\"><div class=\"\"><ul><li>Configurazione automatica e manuale delle separazioni di inchiostro nero (se presente).<\/li><li>Anteprima della finestra interattiva delle funzioni di inchiostro in scala di grigi.<\/li><li>Anteprima della gamma di profili con visualizzazione 3D e 2D.<\/li><li>Salvataggio automatico del profilo RGB da utilizzare per l&#8217;anteprima di Photoshop.<\/li><\/ul><\/div><\/div>\t\t\t\t\t<\/div>\n\t\t\t\t\t\t<\/div>\n\t\t\t\t<\/div>\n\t\t\t\t\t\t<\/div>\n\t\t\t\t\t<\/div>\n\t\t<\/div>\n\t\t\t\t\t\t\t\t<\/div>\n\t\t\t\t\t<\/div>\n\t\t<\/section>\n\t\t\t\t<section class=\"elementor-section elementor-inner-section elementor-element elementor-element-e23537f elementor-section-boxed elementor-section-height-default elementor-section-height-default\" data-id=\"e23537f\" data-element_type=\"section\" data-settings=\"{&quot;jet_parallax_layout_list&quot;:[]}\">\n\t\t\t\t\t\t<div class=\"elementor-container elementor-column-gap-default\">\n\t\t\t\t\t\t\t<div class=\"elementor-row\">\n\t\t\t\t\t<div class=\"elementor-column elementor-col-50 elementor-inner-column elementor-element elementor-element-3c27251\" data-id=\"3c27251\" data-element_type=\"column\">\n\t\t\t<div class=\"elementor-column-wrap elementor-element-populated\">\n\t\t\t\t\t\t\t<div class=\"elementor-widget-wrap\">\n\t\t\t\t\t\t<div class=\"elementor-element elementor-element-74720d6 elementor-widget elementor-widget-image\" data-id=\"74720d6\" data-element_type=\"widget\" data-widget_type=\"image.default\">\n\t\t\t\t<div class=\"elementor-widget-container\">\n\t\t\t\t\t\t\t\t<div class=\"elementor-image\">\n\t\t\t\t\t\t\t\t\t\t\t\t<img width=\"270\" height=\"226\" src=\"https:\/\/www.devstudio.it\/wp-content\/uploads\/2020\/02\/Imma25.png\" class=\"attachment-large size-large\" alt=\"\" loading=\"lazy\" \/>\t\t\t\t\t\t\t\t\t\t\t\t\t\t<\/div>\n\t\t\t\t\t\t<\/div>\n\t\t\t\t<\/div>\n\t\t\t\t<div class=\"elementor-element elementor-element-b3cd02f elementor-widget elementor-widget-text-editor\" data-id=\"b3cd02f\" data-element_type=\"widget\" data-widget_type=\"text-editor.default\">\n\t\t\t\t<div class=\"elementor-widget-container\">\n\t\t\t\t\t\t\t\t<div class=\"elementor-text-editor elementor-clearfix\">\n\t\t\t\t<p><strong>Editor di immagini multicanale<\/strong><\/p><ul><li>La correzione del colore dei file multicanale con curve e cursori, pu\u00f2 essere eseguita tramite la pratica utility che pu\u00f2 garantire un&#8217;anteprima fedele del monitor (soft-proofing) del file grafico.<\/li><li>Simulazione accurata del colore del substrato.<\/li><\/ul>\t\t\t\t\t<\/div>\n\t\t\t\t\t\t<\/div>\n\t\t\t\t<\/div>\n\t\t\t\t\t\t<\/div>\n\t\t\t\t\t<\/div>\n\t\t<\/div>\n\t\t\t\t<div class=\"elementor-column elementor-col-50 elementor-inner-column elementor-element elementor-element-f10cdd7\" data-id=\"f10cdd7\" data-element_type=\"column\">\n\t\t\t<div class=\"elementor-column-wrap elementor-element-populated\">\n\t\t\t\t\t\t\t<div class=\"elementor-widget-wrap\">\n\t\t\t\t\t\t<div class=\"elementor-element elementor-element-c3e1f9d elementor-widget elementor-widget-image\" data-id=\"c3e1f9d\" data-element_type=\"widget\" data-widget_type=\"image.default\">\n\t\t\t\t<div class=\"elementor-widget-container\">\n\t\t\t\t\t\t\t\t<div class=\"elementor-image\">\n\t\t\t\t\t\t\t\t\t\t\t\t<img width=\"182\" height=\"300\" src=\"https:\/\/www.devstudio.it\/wp-content\/uploads\/2020\/02\/Imma26.png\" class=\"attachment-large size-large\" alt=\"\" loading=\"lazy\" \/>\t\t\t\t\t\t\t\t\t\t\t\t\t\t<\/div>\n\t\t\t\t\t\t<\/div>\n\t\t\t\t<\/div>\n\t\t\t\t<div class=\"elementor-element elementor-element-a637931 elementor-widget elementor-widget-text-editor\" data-id=\"a637931\" data-element_type=\"widget\" data-widget_type=\"text-editor.default\">\n\t\t\t\t<div class=\"elementor-widget-container\">\n\t\t\t <p align=\"center\"><iframe src=\"https:\/\/www.devstudio.it:9026\/?dwbro=1&ID=0&PID=sch&PAG=&lang=it\" style=\"width:610px;height:395px;border:0px;margin:0px\"> <\/iframe> <\/p>\n\n\t\t\t\t\t\t<div class=\"elementor-text-editor elementor-clearfix\">\n\t\t\t\t\t\t\t\t\t<\/div>\n\t\t\t\t\t\t<\/div>\n\t\t\t\t<\/div>\n\t\t\t\t<div class=\"elementor-element elementor-element-a96a56f elementor-widget elementor-widget-text-editor\" data-id=\"a96a56f\" data-element_type=\"widget\" data-widget_type=\"text-editor.default\">\n\t\t\t\t<div class=\"elementor-widget-container\">\n\t\t\t\t\t\t\t\t<div class=\"elementor-text-editor elementor-clearfix\">\n\t\t\t\t\t\t<center><a href=\"https:\/\/www.devstudio.it\/index.php\/accessodev\/?lang=it\">Accedi<\/a> o <a href=\"https:\/\/www.devstudio.it\/index.php\/accessodev\/?lang=it\">Registrati<\/a> per scaricare il software<\/center>\n\t\t\t\t\t\t\t<\/div>\n\t\t\t\t\t\t<\/div>\n\t\t\t\t<\/div>\n\t\t\t\t\t\t<\/div>\n\t\t\t\t\t<\/div>\n\t\t<\/div>\n\t\t\t\t\t\t\t\t<\/div>\n\t\t\t\t\t<\/div>\n\t\t<\/section>\n\t\t\t\t\t\t<\/div>\n\t\t\t\t\t<\/div>\n\t\t<\/div>\n\t\t\t\t\t\t\t\t<\/div>\n\t\t\t\t\t<\/div>\n\t\t<\/section>\n\t\t\t\t<section class=\"elementor-section elementor-top-section elementor-element elementor-element-03b89ee elementor-section-boxed elementor-section-height-default elementor-section-height-default\" data-id=\"03b89ee\" data-element_type=\"section\" data-settings=\"{&quot;jet_parallax_layout_list&quot;:[]}\">\n\t\t\t\t\t\t<div class=\"elementor-container elementor-column-gap-default\">\n\t\t\t\t\t\t\t<div class=\"elementor-row\">\n\t\t\t\t\t<div class=\"elementor-column elementor-col-100 elementor-top-column elementor-element elementor-element-e38ee50\" data-id=\"e38ee50\" data-element_type=\"column\">\n\t\t\t<div class=\"elementor-column-wrap elementor-element-populated\">\n\t\t\t\t\t\t\t<div class=\"elementor-widget-wrap\">\n\t\t\t\t\t\t<div class=\"elementor-element elementor-element-6f8131c elementor-widget elementor-widget-text-editor\" data-id=\"6f8131c\" data-element_type=\"widget\" data-widget_type=\"text-editor.default\">\n\t\t\t\t<div class=\"elementor-widget-container\">\n\t\t\t\t\t\t\t\t<div class=\"elementor-text-editor elementor-clearfix\">\n\t\t\t\t<p>I moduli principali di <strong>Dev ColorSuite<\/strong> sono il RIP PostScript\u00ae, per la gestione di sistemi di stampa industriale a 4 colori o Multicolor e il Profilatore Multicanale che pu\u00f2 creare profili ICC fino a 8 colori.<br \/><strong>Dev ColorSuite<\/strong> pu\u00f2 effettuare una calibrazione totale di una stampante digitale industriale al fine di ottenere la migliore qualit\u00e0 di stampa, pu\u00f2 anche linearizzare e allineare pi\u00f9 stampanti, riprodurre i prodotti esistenti (riproporzionarli) con carta simulata con qualsiasi sistema di stampa e molto altro.<\/p>\t\t\t\t\t<\/div>\n\t\t\t\t\t\t<\/div>\n\t\t\t\t<\/div>\n\t\t\t\t\t\t<\/div>\n\t\t\t\t\t<\/div>\n\t\t<\/div>\n\t\t\t\t\t\t\t\t<\/div>\n\t\t\t\t\t<\/div>\n\t\t<\/section>\n\t\t\t\t\t\t<\/div>\n\t\t\t\t\t\t<\/div>\n\t\t\t\t\t<\/div>\n\t\t","protected":false},"excerpt":{"rendered":"<p>DEV ColorSuite \u00e8 una soluzione software per la gestione completa del colore e dei file grafici nel settore della stampa.Lo sviluppo DEV ColorSuite mira a soddisfare le aspettative del mondo reale della stampa del settore: il risultato \u00e8 un prodotto che pu\u00f2 essere facilmente inserito in una vasta gamma di applicazioni industriali, come la ceramica, [&hellip;]<\/p>\n","protected":false},"author":8,"featured_media":0,"parent":0,"menu_order":0,"comment_status":"closed","ping_status":"closed","template":"","meta":[],"acf":[],"_links":{"self":[{"href":"https:\/\/www.devstudio.it\/index.php\/wp-json\/wp\/v2\/pages\/340"}],"collection":[{"href":"https:\/\/www.devstudio.it\/index.php\/wp-json\/wp\/v2\/pages"}],"about":[{"href":"https:\/\/www.devstudio.it\/index.php\/wp-json\/wp\/v2\/types\/page"}],"author":[{"embeddable":true,"href":"https:\/\/www.devstudio.it\/index.php\/wp-json\/wp\/v2\/users\/8"}],"replies":[{"embeddable":true,"href":"https:\/\/www.devstudio.it\/index.php\/wp-json\/wp\/v2\/comments?post=340"}],"version-history":[{"count":50,"href":"https:\/\/www.devstudio.it\/index.php\/wp-json\/wp\/v2\/pages\/340\/revisions"}],"predecessor-version":[{"id":3434,"href":"https:\/\/www.devstudio.it\/index.php\/wp-json\/wp\/v2\/pages\/340\/revisions\/3434"}],"wp:attachment":[{"href":"https:\/\/www.devstudio.it\/index.php\/wp-json\/wp\/v2\/media?parent=340"}],"curies":[{"name":"wp","href":"https:\/\/api.w.org\/{rel}","templated":true}]}}