{"id":835,"date":"2020-03-11T15:21:30","date_gmt":"2020-03-11T14:21:30","guid":{"rendered":"https:\/\/www.devstudio.it\/?page_id=835"},"modified":"2021-03-02T18:00:12","modified_gmt":"2021-03-02T17:00:12","slug":"power-film","status":"publish","type":"page","link":"https:\/\/www.devstudio.it\/index.php\/power-film\/","title":{"rendered":"PowerFilm"},"content":{"rendered":"\t\t<div data-elementor-type=\"wp-page\" data-elementor-id=\"835\" class=\"elementor elementor-835\" data-elementor-settings=\"[]\">\n\t\t\t\t\t\t<div class=\"elementor-inner\">\n\t\t\t\t\t\t\t<div class=\"elementor-section-wrap\">\n\t\t\t\t\t\t\t<section class=\"elementor-section elementor-top-section elementor-element elementor-element-695d6726 elementor-section-height-min-height elementor-section-content-middle elementor-section-boxed elementor-section-height-default elementor-section-items-middle\" data-id=\"695d6726\" data-element_type=\"section\" data-settings=\"{&quot;background_background&quot;:&quot;classic&quot;,&quot;jet_parallax_layout_list&quot;:[]}\">\n\t\t\t\t\t\t<div class=\"elementor-container elementor-column-gap-default\">\n\t\t\t\t\t\t\t<div class=\"elementor-row\">\n\t\t\t\t\t<div class=\"elementor-column elementor-col-33 elementor-top-column elementor-element elementor-element-4add6f3d\" data-id=\"4add6f3d\" data-element_type=\"column\">\n\t\t\t<div class=\"elementor-column-wrap\">\n\t\t\t\t\t\t\t<div class=\"elementor-widget-wrap\">\n\t\t\t\t\t\t\t\t<\/div>\n\t\t\t\t\t<\/div>\n\t\t<\/div>\n\t\t\t\t<div class=\"elementor-column elementor-col-33 elementor-top-column elementor-element elementor-element-48ea9bb6\" data-id=\"48ea9bb6\" data-element_type=\"column\">\n\t\t\t<div class=\"elementor-column-wrap elementor-element-populated\">\n\t\t\t\t\t\t\t<div class=\"elementor-widget-wrap\">\n\t\t\t\t\t\t<div class=\"elementor-element elementor-element-b3e370c elementor-widget elementor-widget-image\" data-id=\"b3e370c\" data-element_type=\"widget\" data-widget_type=\"image.default\">\n\t\t\t\t<div class=\"elementor-widget-container\">\n\t\t\t\t\t\t\t\t<div class=\"elementor-image\">\n\t\t\t\t\t\t\t\t\t\t\t\t<img width=\"1024\" height=\"312\" src=\"https:\/\/www.devstudio.it\/wp-content\/uploads\/2020\/11\/PowerPlotter-Film-Logo-1024x312.png\" class=\"attachment-large size-large\" alt=\"\" loading=\"lazy\" srcset=\"https:\/\/www.devstudio.it\/wp-content\/uploads\/2020\/11\/PowerPlotter-Film-Logo-1024x312.png 1024w, https:\/\/www.devstudio.it\/wp-content\/uploads\/2020\/11\/PowerPlotter-Film-Logo-300x91.png 300w, https:\/\/www.devstudio.it\/wp-content\/uploads\/2020\/11\/PowerPlotter-Film-Logo-768x234.png 768w, https:\/\/www.devstudio.it\/wp-content\/uploads\/2020\/11\/PowerPlotter-Film-Logo.png 1173w\" sizes=\"(max-width: 1024px) 100vw, 1024px\" \/>\t\t\t\t\t\t\t\t\t\t\t\t\t\t<\/div>\n\t\t\t\t\t\t<\/div>\n\t\t\t\t<\/div>\n\t\t\t\t\t\t<\/div>\n\t\t\t\t\t<\/div>\n\t\t<\/div>\n\t\t\t\t<div class=\"elementor-column elementor-col-33 elementor-top-column elementor-element elementor-element-3446bd7\" data-id=\"3446bd7\" data-element_type=\"column\">\n\t\t\t<div class=\"elementor-column-wrap\">\n\t\t\t\t\t\t\t<div class=\"elementor-widget-wrap\">\n\t\t\t\t\t\t\t\t<\/div>\n\t\t\t\t\t<\/div>\n\t\t<\/div>\n\t\t\t\t\t\t\t\t<\/div>\n\t\t\t\t\t<\/div>\n\t\t<\/section>\n\t\t\t\t<section class=\"elementor-section elementor-top-section elementor-element elementor-element-1ac4567a elementor-section-boxed elementor-section-height-default elementor-section-height-default\" data-id=\"1ac4567a\" data-element_type=\"section\" data-settings=\"{&quot;jet_parallax_layout_list&quot;:[]}\">\n\t\t\t\t\t\t<div class=\"elementor-container elementor-column-gap-default\">\n\t\t\t\t\t\t\t<div class=\"elementor-row\">\n\t\t\t\t\t<div class=\"elementor-column elementor-col-33 elementor-top-column elementor-element elementor-element-6600d7bd\" data-id=\"6600d7bd\" data-element_type=\"column\">\n\t\t\t<div class=\"elementor-column-wrap elementor-element-populated\">\n\t\t\t\t\t\t\t<div class=\"elementor-widget-wrap\">\n\t\t\t\t\t\t<div class=\"elementor-element elementor-element-74d1b77 elementor-widget elementor-widget-image\" data-id=\"74d1b77\" data-element_type=\"widget\" data-widget_type=\"image.default\">\n\t\t\t\t<div class=\"elementor-widget-container\">\n\t\t\t\t\t\t\t\t<div class=\"elementor-image\">\n\t\t\t\t\t\t\t\t\t\t\t\t<img width=\"232\" height=\"379\" src=\"https:\/\/www.devstudio.it\/wp-content\/uploads\/2021\/03\/Dev-PowerFilm.png\" class=\"attachment-large size-large\" alt=\"\" loading=\"lazy\" srcset=\"https:\/\/www.devstudio.it\/wp-content\/uploads\/2021\/03\/Dev-PowerFilm.png 232w, https:\/\/www.devstudio.it\/wp-content\/uploads\/2021\/03\/Dev-PowerFilm-184x300.png 184w\" sizes=\"(max-width: 232px) 100vw, 232px\" \/>\t\t\t\t\t\t\t\t\t\t\t\t\t\t<\/div>\n\t\t\t\t\t\t<\/div>\n\t\t\t\t<\/div>\n\t\t\t\t<div class=\"elementor-element elementor-element-69096629 elementor-widget elementor-widget-text-editor\" data-id=\"69096629\" data-element_type=\"widget\" data-widget_type=\"text-editor.default\">\n\t\t\t\t<div class=\"elementor-widget-container\">\n\t\t\t\t\t\t\t\t<div class=\"elementor-text-editor elementor-clearfix\">\n\t\t\t\t<div id=\"ADhmJTPU\" class=\"Testo_Spalla\"><div class=\"\"><b>Crea pellicole in autonomia e in economia<\/b><\/div><div>\u00a0<\/div><\/div><div id=\"fJR3Cm2N\" class=\"Paragrafo\"><div class=\"\"><p>\u00c8 sufficiente un film per inkjet, con relativa stampante, per realizzare velocemente pellicole utilizzabili in campo serigrafico, tipografico, tampografico e flexografico (range indicativo 15-180lpi, tramite stampanti con risoluzione fino a 2880x2880dpi).<\/p><p><b>Qualit\u00e0 e ripetibilit\u00e0 del lavoro<\/b><\/p><p>La tecnologia inkjet, combinata con specifici retini AM a microcluster, garantisce un\u2019alta precisione di stampa ed un elevato numero di livelli per ottenere sfumature continue. Rende inoltre possibile replicare esattamente i lavori nel tempo.<\/p><p><b>Preview\u00a0 e impaginazione delle pellicole dei vari canali<\/b><\/p><p>Il software consente di visualizzare un preview delle pellicole e di impaginare sul tavolo di montaggio le pellicole appartenenti ai vari canali. Funziona con file JPG CMYK, oppure TIFF o PDF CMYK+Spot.<\/p><p><b>Regolazione inklimit<\/b><\/p><\/div><\/div><div class=\"\">Possibilit\u00e0 di modificare o di scegliere il valore di inklimit pi\u00f9 adatto alla situazione di stampa.<\/div><div>\u00a0<\/div><div><b>Calibrazione della curva di linearizzazione\/ dotgain<\/b><\/div><div>\u00a0<\/div><div>\u00c8 possibile adattare le curve di linearizzazione\/ dot gain predefinite alla situazione di stampa intervenendo su un numero selezionabile di valori espressi in percentuale di punto.<\/div><div>\u00a0<\/div><div><b>Gestione di diverse tipologie di punto (spot function)<\/b><\/div><div>\u00a0<\/div><div>Quando si utilizzano retini cluster (AM) il software consente di scegliere tra varie forme di punto.<\/div><div>\u00a0<\/div><div><b>Stampa delle separazioni in negativo<\/b><\/div><div>\u00a0<\/div><div>Realizzazione delle pellicole in negativo partendo dalle separazioni originali.<\/div><div>\u00a0<\/div><div id=\"PLzsCjnc\" class=\"TestoPulsantiDWwhite\"><div class=\"\"><p class=\"\" style=\"font-size: 11px;\"><img loading=\"lazy\" class=\"alignnone size-full wp-image-363 alignleft\" src=\"https:\/\/www.devstudio.it\/wp-content\/uploads\/2020\/02\/Imma00.png\" alt=\"\" width=\"62\" height=\"29\" \/> Disponibile per<br \/>Windows or Mac OS<\/p><\/div><\/div>\t\t\t\t\t<\/div>\n\t\t\t\t\t\t<\/div>\n\t\t\t\t<\/div>\n\t\t\t\t<div class=\"elementor-element elementor-element-614221f8 elementor-widget elementor-widget-image\" data-id=\"614221f8\" data-element_type=\"widget\" data-widget_type=\"image.default\">\n\t\t\t\t<div class=\"elementor-widget-container\">\n\t\t\t\t\t\t\t\t<div class=\"elementor-image\">\n\t\t\t\t\t\t\t\t\t\t\t\t<img width=\"180\" height=\"46\" src=\"https:\/\/www.devstudio.it\/wp-content\/uploads\/2020\/02\/Imma17.png\" class=\"attachment-large size-large\" alt=\"\" loading=\"lazy\" \/>\t\t\t\t\t\t\t\t\t\t\t\t\t\t<\/div>\n\t\t\t\t\t\t<\/div>\n\t\t\t\t<\/div>\n\t\t\t\t\t\t<\/div>\n\t\t\t\t\t<\/div>\n\t\t<\/div>\n\t\t\t\t<div class=\"elementor-column elementor-col-66 elementor-top-column elementor-element elementor-element-574b5753\" data-id=\"574b5753\" data-element_type=\"column\">\n\t\t\t<div class=\"elementor-column-wrap elementor-element-populated\">\n\t\t\t\t\t\t\t<div class=\"elementor-widget-wrap\">\n\t\t\t\t\t\t<div class=\"elementor-element elementor-element-492a193 elementor-widget elementor-widget-heading\" data-id=\"492a193\" data-element_type=\"widget\" data-widget_type=\"heading.default\">\n\t\t\t\t<div class=\"elementor-widget-container\">\n\t\t\t<h1 class=\"elementor-heading-title elementor-size-default\">PowerFilm<\/h1>\t\t<\/div>\n\t\t\t\t<\/div>\n\t\t\t\t<div class=\"elementor-element elementor-element-2070ac55 elementor-widget elementor-widget-heading\" data-id=\"2070ac55\" data-element_type=\"widget\" data-widget_type=\"heading.default\">\n\t\t\t\t<div class=\"elementor-widget-container\">\n\t\t\t<h4 class=\"elementor-heading-title elementor-size-default\">RIP software per la creazione di pellicole con stampanti InkJet<\/h4>\t\t<\/div>\n\t\t\t\t<\/div>\n\t\t\t\t<section class=\"elementor-section elementor-inner-section elementor-element elementor-element-26edef2c elementor-section-boxed elementor-section-height-default elementor-section-height-default\" data-id=\"26edef2c\" data-element_type=\"section\" data-settings=\"{&quot;jet_parallax_layout_list&quot;:[]}\">\n\t\t\t\t\t\t<div class=\"elementor-container elementor-column-gap-default\">\n\t\t\t\t\t\t\t<div class=\"elementor-row\">\n\t\t\t\t\t<div class=\"elementor-column elementor-col-50 elementor-inner-column elementor-element elementor-element-2d44a633\" data-id=\"2d44a633\" data-element_type=\"column\">\n\t\t\t<div class=\"elementor-column-wrap elementor-element-populated\">\n\t\t\t\t\t\t\t<div class=\"elementor-widget-wrap\">\n\t\t\t\t\t\t<div class=\"elementor-element elementor-element-1412aece elementor-widget elementor-widget-image\" data-id=\"1412aece\" data-element_type=\"widget\" data-widget_type=\"image.default\">\n\t\t\t\t<div class=\"elementor-widget-container\">\n\t\t\t\t\t\t\t\t<div class=\"elementor-image\">\n\t\t\t\t\t\t\t\t\t\t\t\t<img width=\"600\" height=\"377\" src=\"https:\/\/www.devstudio.it\/wp-content\/uploads\/2021\/01\/screen-1-FF.png\" class=\"attachment-large size-large\" alt=\"\" loading=\"lazy\" srcset=\"https:\/\/www.devstudio.it\/wp-content\/uploads\/2021\/01\/screen-1-FF.png 600w, https:\/\/www.devstudio.it\/wp-content\/uploads\/2021\/01\/screen-1-FF-300x189.png 300w\" sizes=\"(max-width: 600px) 100vw, 600px\" \/>\t\t\t\t\t\t\t\t\t\t\t\t\t\t<\/div>\n\t\t\t\t\t\t<\/div>\n\t\t\t\t<\/div>\n\t\t\t\t<div class=\"elementor-element elementor-element-1bdaa4e3 elementor-widget elementor-widget-text-editor\" data-id=\"1bdaa4e3\" data-element_type=\"widget\" data-widget_type=\"text-editor.default\">\n\t\t\t\t<div class=\"elementor-widget-container\">\n\t\t\t\t\t\t\t\t<div class=\"elementor-text-editor elementor-clearfix\">\n\t\t\t\t<p><b>Nuova interfaccia semplificata<\/b><\/p><p>La nuova interfaccia per la stampa film \u00e8 stata ridisegnata e ottimizzata.\u00a0 \u00a0 \u00a0 \u00a0 \u00a0 \u00a0 \u00a0 \u00a0 \u00a0 \u00a0 \u00a0 \u00a0\u00a0<\/p><p>&#8211; Multipiattaforma Mac OS e Windows\u00a0 \u00a0 \u00a0 \u00a0 \u00a0 \u00a0 &#8211; Compatibilit\u00e0 con tutti i driver di stampa pi\u00f9 indicati per la produzione di pellicole di alta qualit\u00e0<b>.<\/b><\/p>\t\t\t\t\t<\/div>\n\t\t\t\t\t\t<\/div>\n\t\t\t\t<\/div>\n\t\t\t\t\t\t<\/div>\n\t\t\t\t\t<\/div>\n\t\t<\/div>\n\t\t\t\t<div class=\"elementor-column elementor-col-50 elementor-inner-column elementor-element elementor-element-707e3059\" data-id=\"707e3059\" data-element_type=\"column\">\n\t\t\t<div class=\"elementor-column-wrap elementor-element-populated\">\n\t\t\t\t\t\t\t<div class=\"elementor-widget-wrap\">\n\t\t\t\t\t\t<div class=\"elementor-element elementor-element-8ff4f90 elementor-widget elementor-widget-image\" data-id=\"8ff4f90\" data-element_type=\"widget\" data-widget_type=\"image.default\">\n\t\t\t\t<div class=\"elementor-widget-container\">\n\t\t\t\t\t\t\t\t<div class=\"elementor-image\">\n\t\t\t\t\t\t\t\t\t\t\t\t<img width=\"600\" height=\"377\" src=\"https:\/\/www.devstudio.it\/wp-content\/uploads\/2021\/01\/screen-2-FF.png\" class=\"attachment-large size-large\" alt=\"\" loading=\"lazy\" srcset=\"https:\/\/www.devstudio.it\/wp-content\/uploads\/2021\/01\/screen-2-FF.png 600w, https:\/\/www.devstudio.it\/wp-content\/uploads\/2021\/01\/screen-2-FF-300x189.png 300w\" sizes=\"(max-width: 600px) 100vw, 600px\" \/>\t\t\t\t\t\t\t\t\t\t\t\t\t\t<\/div>\n\t\t\t\t\t\t<\/div>\n\t\t\t\t<\/div>\n\t\t\t\t<div class=\"elementor-element elementor-element-5f73de66 elementor-widget elementor-widget-text-editor\" data-id=\"5f73de66\" data-element_type=\"widget\" data-widget_type=\"text-editor.default\">\n\t\t\t\t<div class=\"elementor-widget-container\">\n\t\t\t\t\t\t\t\t<div class=\"elementor-text-editor elementor-clearfix\">\n\t\t\t\t<div><div><p><b>Separazione automatica<\/b><\/p><p>Il programma separa automaticamente il documento in tutti i suoi canali (CMYK+N) e permette di impostare il retino in modo indipendente su ciascun canale.<\/p><div>\u00a0<\/div><\/div><\/div><div><div>\u00a0<\/div><\/div>\t\t\t\t\t<\/div>\n\t\t\t\t\t\t<\/div>\n\t\t\t\t<\/div>\n\t\t\t\t\t\t<\/div>\n\t\t\t\t\t<\/div>\n\t\t<\/div>\n\t\t\t\t\t\t\t\t<\/div>\n\t\t\t\t\t<\/div>\n\t\t<\/section>\n\t\t\t\t<section class=\"elementor-section elementor-inner-section elementor-element elementor-element-3c4c5e18 elementor-section-boxed elementor-section-height-default elementor-section-height-default\" data-id=\"3c4c5e18\" data-element_type=\"section\" data-settings=\"{&quot;jet_parallax_layout_list&quot;:[]}\">\n\t\t\t\t\t\t<div class=\"elementor-container elementor-column-gap-default\">\n\t\t\t\t\t\t\t<div class=\"elementor-row\">\n\t\t\t\t\t<div class=\"elementor-column elementor-col-50 elementor-inner-column elementor-element elementor-element-62af158c\" data-id=\"62af158c\" data-element_type=\"column\">\n\t\t\t<div class=\"elementor-column-wrap elementor-element-populated\">\n\t\t\t\t\t\t\t<div class=\"elementor-widget-wrap\">\n\t\t\t\t\t\t<div class=\"elementor-element elementor-element-64e7349 elementor-widget elementor-widget-image\" data-id=\"64e7349\" data-element_type=\"widget\" data-widget_type=\"image.default\">\n\t\t\t\t<div class=\"elementor-widget-container\">\n\t\t\t\t\t\t\t\t<div class=\"elementor-image\">\n\t\t\t\t\t\t\t\t\t\t\t\t<img width=\"600\" height=\"377\" src=\"https:\/\/www.devstudio.it\/wp-content\/uploads\/2021\/01\/screen-3FF.png\" class=\"attachment-large size-large\" alt=\"\" loading=\"lazy\" srcset=\"https:\/\/www.devstudio.it\/wp-content\/uploads\/2021\/01\/screen-3FF.png 600w, https:\/\/www.devstudio.it\/wp-content\/uploads\/2021\/01\/screen-3FF-300x189.png 300w\" sizes=\"(max-width: 600px) 100vw, 600px\" \/>\t\t\t\t\t\t\t\t\t\t\t\t\t\t<\/div>\n\t\t\t\t\t\t<\/div>\n\t\t\t\t<\/div>\n\t\t\t\t<div class=\"elementor-element elementor-element-5e0674ea elementor-widget elementor-widget-text-editor\" data-id=\"5e0674ea\" data-element_type=\"widget\" data-widget_type=\"text-editor.default\">\n\t\t\t\t<div class=\"elementor-widget-container\">\n\t\t\t\t\t\t\t\t<div class=\"elementor-text-editor elementor-clearfix\">\n\t\t\t\t<p><b>Anteprima delle separazioni<\/b><\/p><p>Tutte le pellicole di ciascun canale vengono aperte a video e mostrate come elementi indipendenti, con possibilit\u00e0 di impaginarle per ottimizzare lo spazio.<\/p>\t\t\t\t\t<\/div>\n\t\t\t\t\t\t<\/div>\n\t\t\t\t<\/div>\n\t\t\t\t\t\t<\/div>\n\t\t\t\t\t<\/div>\n\t\t<\/div>\n\t\t\t\t<div class=\"elementor-column elementor-col-50 elementor-inner-column elementor-element elementor-element-94af454\" data-id=\"94af454\" data-element_type=\"column\">\n\t\t\t<div class=\"elementor-column-wrap elementor-element-populated\">\n\t\t\t\t\t\t\t<div class=\"elementor-widget-wrap\">\n\t\t\t\t\t\t<div class=\"elementor-element elementor-element-122f22eb elementor-widget elementor-widget-image\" data-id=\"122f22eb\" data-element_type=\"widget\" data-widget_type=\"image.default\">\n\t\t\t\t<div class=\"elementor-widget-container\">\n\t\t\t\t\t\t\t\t<div class=\"elementor-image\">\n\t\t\t\t\t\t\t\t\t\t\t\t<img width=\"600\" height=\"377\" src=\"https:\/\/www.devstudio.it\/wp-content\/uploads\/2021\/01\/screen-4FF.png\" class=\"attachment-large size-large\" alt=\"\" loading=\"lazy\" srcset=\"https:\/\/www.devstudio.it\/wp-content\/uploads\/2021\/01\/screen-4FF.png 600w, https:\/\/www.devstudio.it\/wp-content\/uploads\/2021\/01\/screen-4FF-300x189.png 300w\" sizes=\"(max-width: 600px) 100vw, 600px\" \/>\t\t\t\t\t\t\t\t\t\t\t\t\t\t<\/div>\n\t\t\t\t\t\t<\/div>\n\t\t\t\t<\/div>\n\t\t\t\t<div class=\"elementor-element elementor-element-7528af4e elementor-widget elementor-widget-text-editor\" data-id=\"7528af4e\" data-element_type=\"widget\" data-widget_type=\"text-editor.default\">\n\t\t\t\t<div class=\"elementor-widget-container\">\n\t\t\t\t\t\t\t\t<div class=\"elementor-text-editor elementor-clearfix\">\n\t\t\t\t<div><div><p><b>Curve di dot gain indipendenti<\/b><\/p><p>Possibilit\u00e0 di creare curve di dot gain personalizzate per ciascuna associazione di driver di stampa, risoluzione e modello di retino. (es 2880&#215;2880 &#8211; 80LPI, 1440&#215;1440- Stochastic). Il programma selezioner\u00e0 automaticamente la curva opportuna in fase di caricamento.\u00a0<\/p><\/div><\/div><div><div>\u00a0<\/div><\/div>\t\t\t\t\t<\/div>\n\t\t\t\t\t\t<\/div>\n\t\t\t\t<\/div>\n\t\t\t\t\t\t<\/div>\n\t\t\t\t\t<\/div>\n\t\t<\/div>\n\t\t\t\t\t\t\t\t<\/div>\n\t\t\t\t\t<\/div>\n\t\t<\/section>\n\t\t\t\t<section class=\"elementor-section elementor-inner-section elementor-element elementor-element-7692f2df elementor-section-boxed elementor-section-height-default elementor-section-height-default\" data-id=\"7692f2df\" data-element_type=\"section\" data-settings=\"{&quot;jet_parallax_layout_list&quot;:[]}\">\n\t\t\t\t\t\t<div class=\"elementor-container elementor-column-gap-default\">\n\t\t\t\t\t\t\t<div class=\"elementor-row\">\n\t\t\t\t\t<div class=\"elementor-column elementor-col-50 elementor-inner-column elementor-element elementor-element-72451d4e\" data-id=\"72451d4e\" data-element_type=\"column\">\n\t\t\t<div class=\"elementor-column-wrap elementor-element-populated\">\n\t\t\t\t\t\t\t<div class=\"elementor-widget-wrap\">\n\t\t\t\t\t\t<div class=\"elementor-element elementor-element-41f0905d elementor-widget elementor-widget-image\" data-id=\"41f0905d\" data-element_type=\"widget\" data-widget_type=\"image.default\">\n\t\t\t\t<div class=\"elementor-widget-container\">\n\t\t\t\t\t\t\t\t<div class=\"elementor-image\">\n\t\t\t\t\t\t\t\t\t\t\t\t<img width=\"600\" height=\"377\" src=\"https:\/\/www.devstudio.it\/wp-content\/uploads\/2021\/01\/Screen-5FF.png\" class=\"attachment-large size-large\" alt=\"\" loading=\"lazy\" srcset=\"https:\/\/www.devstudio.it\/wp-content\/uploads\/2021\/01\/Screen-5FF.png 600w, https:\/\/www.devstudio.it\/wp-content\/uploads\/2021\/01\/Screen-5FF-300x189.png 300w\" sizes=\"(max-width: 600px) 100vw, 600px\" \/>\t\t\t\t\t\t\t\t\t\t\t\t\t\t<\/div>\n\t\t\t\t\t\t<\/div>\n\t\t\t\t<\/div>\n\t\t\t\t<div class=\"elementor-element elementor-element-175d4adc elementor-widget elementor-widget-text-editor\" data-id=\"175d4adc\" data-element_type=\"widget\" data-widget_type=\"text-editor.default\">\n\t\t\t\t<div class=\"elementor-widget-container\">\n\t\t\t\t\t\t\t\t<div class=\"elementor-text-editor elementor-clearfix\">\n\t\t\t\t<p><b>Report di stampa accurato<\/b><\/p><p>Ogni stampa viene registrata nel report da cui \u00e8 possibile analizzare il risultato di stampa e ripetere esattamente un lavoro gi\u00e0 effettuato.<\/p><div><br><\/div>\t\t\t\t\t<\/div>\n\t\t\t\t\t\t<\/div>\n\t\t\t\t<\/div>\n\t\t\t\t\t\t<\/div>\n\t\t\t\t\t<\/div>\n\t\t<\/div>\n\t\t\t\t<div class=\"elementor-column elementor-col-50 elementor-inner-column elementor-element elementor-element-7f02bc08\" data-id=\"7f02bc08\" data-element_type=\"column\">\n\t\t\t<div class=\"elementor-column-wrap elementor-element-populated\">\n\t\t\t\t\t\t\t<div class=\"elementor-widget-wrap\">\n\t\t\t\t\t\t<div class=\"elementor-element elementor-element-4e947606 elementor-widget elementor-widget-image\" data-id=\"4e947606\" data-element_type=\"widget\" data-widget_type=\"image.default\">\n\t\t\t\t<div class=\"elementor-widget-container\">\n\t\t\t\t\t\t\t\t<div class=\"elementor-image\">\n\t\t\t\t\t\t\t\t\t\t\t\t<img width=\"232\" height=\"379\" src=\"https:\/\/www.devstudio.it\/wp-content\/uploads\/2021\/03\/Dev-PowerFilm.png\" class=\"attachment-large size-large\" alt=\"\" loading=\"lazy\" srcset=\"https:\/\/www.devstudio.it\/wp-content\/uploads\/2021\/03\/Dev-PowerFilm.png 232w, https:\/\/www.devstudio.it\/wp-content\/uploads\/2021\/03\/Dev-PowerFilm-184x300.png 184w\" sizes=\"(max-width: 232px) 100vw, 232px\" \/>\t\t\t\t\t\t\t\t\t\t\t\t\t\t<\/div>\n\t\t\t\t\t\t<\/div>\n\t\t\t\t<\/div>\n\t\t\t\t<div class=\"elementor-element elementor-element-ad722a2 elementor-widget elementor-widget-text-editor\" data-id=\"ad722a2\" data-element_type=\"widget\" data-widget_type=\"text-editor.default\">\n\t\t\t\t<div class=\"elementor-widget-container\">\n\t\t\t <p align=\"center\"><iframe src=\"https:\/\/www.devstudio.it:9026\/?dwbro=1&ID=0&PID=sch&PAG=&lang=it\" style=\"width:610px;height:395px;border:0px;margin:0px\"> <\/iframe> <\/p>\n\n\t\t\t\t\t\t<div class=\"elementor-text-editor elementor-clearfix\">\n\t\t\t\t\t\t\t\t\t<\/div>\n\t\t\t\t\t\t<\/div>\n\t\t\t\t<\/div>\n\t\t\t\t<div class=\"elementor-element elementor-element-06b836b elementor-widget elementor-widget-text-editor\" data-id=\"06b836b\" data-element_type=\"widget\" data-widget_type=\"text-editor.default\">\n\t\t\t\t<div class=\"elementor-widget-container\">\n\t\t\t\t\t\t\t\t<div class=\"elementor-text-editor elementor-clearfix\">\n\t\t\t\t\t\t<center><a href=\"https:\/\/www.devstudio.it\/index.php\/accessodev\/?lang=it\">Accedi<\/a> o <a href=\"https:\/\/www.devstudio.it\/index.php\/accessodev\/?lang=it\">Registrati<\/a> per scaricare il software<\/center>\n\t\t\t\t\t\t\t<\/div>\n\t\t\t\t\t\t<\/div>\n\t\t\t\t<\/div>\n\t\t\t\t\t\t<\/div>\n\t\t\t\t\t<\/div>\n\t\t<\/div>\n\t\t\t\t\t\t\t\t<\/div>\n\t\t\t\t\t<\/div>\n\t\t<\/section>\n\t\t\t\t\t\t<\/div>\n\t\t\t\t\t<\/div>\n\t\t<\/div>\n\t\t\t\t\t\t\t\t<\/div>\n\t\t\t\t\t<\/div>\n\t\t<\/section>\n\t\t\t\t<section class=\"elementor-section elementor-top-section elementor-element elementor-element-4e34b94 elementor-section-boxed elementor-section-height-default elementor-section-height-default\" data-id=\"4e34b94\" data-element_type=\"section\" data-settings=\"{&quot;jet_parallax_layout_list&quot;:[]}\">\n\t\t\t\t\t\t<div class=\"elementor-container elementor-column-gap-default\">\n\t\t\t\t\t\t\t<div class=\"elementor-row\">\n\t\t\t\t\t<div class=\"elementor-column elementor-col-100 elementor-top-column elementor-element elementor-element-caeb822\" data-id=\"caeb822\" data-element_type=\"column\">\n\t\t\t<div class=\"elementor-column-wrap elementor-element-populated\">\n\t\t\t\t\t\t\t<div class=\"elementor-widget-wrap\">\n\t\t\t\t\t\t<div class=\"elementor-element elementor-element-075f7ad elementor-widget elementor-widget-text-editor\" data-id=\"075f7ad\" data-element_type=\"widget\" data-widget_type=\"text-editor.default\">\n\t\t\t\t<div class=\"elementor-widget-container\">\n\t\t\t\t\t\t\t\t<div class=\"elementor-text-editor elementor-clearfix\">\n\t\t\t\t<p><span style=\"font-size: 13px; text-align: justify;\">Tutti i marchi sono registrati e appartengono ai legittimi proprietari \u2013\u00a0<\/span><span style=\"font-size: 13px; text-align: justify;\">Le caratteristiche e le funzionalit\u00e0 riportate nel presente documento\u00a0<\/span><span style=\"font-size: 13px; text-align: justify;\">possono variare a seconda della versione, non sono impegnative e\u00a0<\/span><span style=\"font-size: 13px; text-align: justify;\">soggette a modifiche senza preavviso.<\/span><\/p>\t\t\t\t\t<\/div>\n\t\t\t\t\t\t<\/div>\n\t\t\t\t<\/div>\n\t\t\t\t\t\t<\/div>\n\t\t\t\t\t<\/div>\n\t\t<\/div>\n\t\t\t\t\t\t\t\t<\/div>\n\t\t\t\t\t<\/div>\n\t\t<\/section>\n\t\t\t\t\t\t<\/div>\n\t\t\t\t\t\t<\/div>\n\t\t\t\t\t<\/div>\n\t\t","protected":false},"excerpt":{"rendered":"<p>Crea pellicole in autonomia e in economia\u00a0 \u00c8 sufficiente un film per inkjet, con relativa stampante, per realizzare velocemente pellicole utilizzabili in campo serigrafico, tipografico, tampografico e flexografico (range indicativo 15-180lpi, tramite stampanti con risoluzione fino a 2880x2880dpi). Qualit\u00e0 e ripetibilit\u00e0 del lavoro La tecnologia inkjet, combinata con specifici retini AM a microcluster, garantisce un\u2019alta [&hellip;]<\/p>\n","protected":false},"author":11,"featured_media":0,"parent":0,"menu_order":0,"comment_status":"closed","ping_status":"closed","template":"","meta":[],"acf":[],"_links":{"self":[{"href":"https:\/\/www.devstudio.it\/index.php\/wp-json\/wp\/v2\/pages\/835"}],"collection":[{"href":"https:\/\/www.devstudio.it\/index.php\/wp-json\/wp\/v2\/pages"}],"about":[{"href":"https:\/\/www.devstudio.it\/index.php\/wp-json\/wp\/v2\/types\/page"}],"author":[{"embeddable":true,"href":"https:\/\/www.devstudio.it\/index.php\/wp-json\/wp\/v2\/users\/11"}],"replies":[{"embeddable":true,"href":"https:\/\/www.devstudio.it\/index.php\/wp-json\/wp\/v2\/comments?post=835"}],"version-history":[{"count":10,"href":"https:\/\/www.devstudio.it\/index.php\/wp-json\/wp\/v2\/pages\/835\/revisions"}],"predecessor-version":[{"id":3892,"href":"https:\/\/www.devstudio.it\/index.php\/wp-json\/wp\/v2\/pages\/835\/revisions\/3892"}],"wp:attachment":[{"href":"https:\/\/www.devstudio.it\/index.php\/wp-json\/wp\/v2\/media?parent=835"}],"curies":[{"name":"wp","href":"https:\/\/api.w.org\/{rel}","templated":true}]}}